{"id":1055,"date":"2022-07-04T20:48:35","date_gmt":"2022-07-04T18:48:35","guid":{"rendered":"https:\/\/ccetunisia.com.tn\/?page_id=1055"},"modified":"2023-12-11T10:43:51","modified_gmt":"2023-12-11T09:43:51","slug":"a-propos","status":"publish","type":"page","link":"https:\/\/ccetunisia.com.tn\/en\/a-propos\/","title":{"rendered":"ABOUT"},"content":{"rendered":"<div data-elementor-type=\"wp-page\" data-elementor-id=\"1055\" class=\"elementor elementor-1055\" data-elementor-post-type=\"page\">\n\t\t\t\t\t\t\t\t\t<section class=\"elementor-section elementor-top-section elementor-element elementor-element-f6116a2 elementor-section-boxed elementor-section-height-default elementor-section-height-default\" data-id=\"f6116a2\" data-element_type=\"section\">\n\t\t\t\t\t\t<div class=\"elementor-container elementor-column-gap-default\">\n\t\t\t\t\t<div class=\"elementor-column elementor-col-50 elementor-top-column elementor-element elementor-element-fb8d9dd\" data-id=\"fb8d9dd\" data-element_type=\"column\">\n\t\t\t<div class=\"elementor-widget-wrap elementor-element-populated\">\n\t\t\t\t\t\t\t\t<div class=\"elementor-element elementor-element-09d2183 elementor-widget elementor-widget-image\" data-id=\"09d2183\" data-element_type=\"widget\" data-widget_type=\"image.default\">\n\t\t\t\t<div class=\"elementor-widget-container\">\n\t\t\t\t\t\t\t\t\t\t\t\t\t\t\t<img loading=\"lazy\" decoding=\"async\" width=\"990\" height=\"986\" src=\"https:\/\/ccetunisia.com.tn\/wp-content\/uploads\/2023\/12\/hero.jpg\" class=\"attachment-large size-large wp-image-1750\" alt=\"\" srcset=\"https:\/\/ccetunisia.com.tn\/wp-content\/uploads\/2023\/12\/hero.jpg 990w, https:\/\/ccetunisia.com.tn\/wp-content\/uploads\/2023\/12\/hero-300x300.jpg 300w, https:\/\/ccetunisia.com.tn\/wp-content\/uploads\/2023\/12\/hero-150x150.jpg 150w, https:\/\/ccetunisia.com.tn\/wp-content\/uploads\/2023\/12\/hero-768x765.jpg 768w, https:\/\/ccetunisia.com.tn\/wp-content\/uploads\/2023\/12\/hero-100x100.jpg 100w, https:\/\/ccetunisia.com.tn\/wp-content\/uploads\/2023\/12\/hero-342x342.jpg 342w\" sizes=\"(max-width: 990px) 100vw, 990px\" \/>\t\t\t\t\t\t\t\t\t\t\t\t\t\t\t<\/div>\n\t\t\t\t<\/div>\n\t\t\t\t\t<\/div>\n\t\t<\/div>\n\t\t\t\t<div class=\"elementor-column elementor-col-50 elementor-top-column elementor-element elementor-element-1d352f0\" data-id=\"1d352f0\" data-element_type=\"column\">\n\t\t\t<div class=\"elementor-widget-wrap elementor-element-populated\">\n\t\t\t\t\t\t\t\t<div class=\"elementor-element elementor-element-4702d69 section_titles elementor-align-left elementor-widget elementor-widget-tw-section-title\" data-id=\"4702d69\" data-element_type=\"widget\" data-widget_type=\"tw-section-title.default\">\n\t\t\t\t<div class=\"elementor-widget-container\">\n\t\t\t                    <h6 class=\"sub_title\">ABOUT<\/h6>\n                            <h2 class=\"sec_title\">\n                                    <span>Presentation<\/span>\n                            <\/h2>\n                \t\t<\/div>\n\t\t\t\t<\/div>\n\t\t\t\t<div class=\"elementor-element elementor-element-fd7df1c text_align elementor-align-left elementor-widget elementor-widget-xs-heading\" data-id=\"fd7df1c\" data-element_type=\"widget\" data-widget_type=\"xs-heading.default\">\n\t\t\t\t<div class=\"elementor-widget-container\">\n\t\t\t                <p class=\"ind_ps ind_lead\">Engineering at the service of your projects<\/p>\r\n            \t\t<\/div>\n\t\t\t\t<\/div>\n\t\t\t\t<div class=\"elementor-element elementor-element-4e7c87e text_align elementor-align-left elementor-widget elementor-widget-xs-heading\" data-id=\"4e7c87e\" data-element_type=\"widget\" data-widget_type=\"xs-heading.default\">\n\t\t\t\t<div class=\"elementor-widget-container\">\n\t\t\t                <p class=\"ind_ps\">CONSULTING AND CIVIL ENGINEERING (CCE), a multidisciplinary engineering and expertise company offering its services in the fields of engineering, consulting, expertise, evaluation, project management, and quality assurance for construction projects, industry and energy, heritage and historical monuments, villas, infrastructure, hydraulics, environment, and transportation, represented by its director and Civil Engineering Expert Bilel HAMZA, and its collaborator Civil Engineering Engineer Hamdi CHAKCHOUK, accompanies its partner clients, developers, and public or private institutions in the realization and monitoring of their projects.\n<\/p>\r\n            \t\t<\/div>\n\t\t\t\t<\/div>\n\t\t\t\t<div class=\"elementor-element elementor-element-072e5c0 btn_align elementor-align-left elementor-widget elementor-widget-tw-button\" data-id=\"072e5c0\" data-element_type=\"widget\" data-widget_type=\"tw-button.default\">\n\t\t\t\t<div class=\"elementor-widget-container\">\n\t\t\t                    <a href=\"https:\/\/ccetunisia.com.tn\/en\/contact\/\"  target=\"_blank\"  rel=\"nofollow\" class=\"ind_btn_icon\">\n                        <span>\n                                                        CONTACT US                        <\/span>\n                    <\/a>\n                \t\t<\/div>\n\t\t\t\t<\/div>\n\t\t\t\t\t<\/div>\n\t\t<\/div>\n\t\t\t\t\t\t\t<\/div>\n\t\t<\/section>\n\t\t\t\t\t\t\t<\/div>","protected":false},"excerpt":{"rendered":"<p>\u00c0 PROPOS Pr\u00e9sentation L\u2019ing\u00e9nierie au service de vos projets CONSULTING AND CIVIL ENGINEERING (CCE), une soci\u00e9t\u00e9 d&rsquo;ing\u00e9nierie et d&rsquo;expertise multidisciplinaire offrant ses services dans les domaines de l&rsquo;ing\u00e9nierie, du conseil, de l&rsquo;expertise, de l&rsquo;\u00e9valuation, du pilotage et de la qualit\u00e9 des projets de construction, de l&rsquo;industrie et de l&rsquo;\u00e9nergie, du patrimoine et des monuments historiques, [&hellip;]<\/p>","protected":false},"author":1,"featured_media":0,"parent":0,"menu_order":0,"comment_status":"closed","ping_status":"closed","template":"page-templates\/full-width.php","meta":{"footnotes":""},"_links":{"self":[{"href":"https:\/\/ccetunisia.com.tn\/en\/wp-json\/wp\/v2\/pages\/1055"}],"collection":[{"href":"https:\/\/ccetunisia.com.tn\/en\/wp-json\/wp\/v2\/pages"}],"about":[{"href":"https:\/\/ccetunisia.com.tn\/en\/wp-json\/wp\/v2\/types\/page"}],"author":[{"embeddable":true,"href":"https:\/\/ccetunisia.com.tn\/en\/wp-json\/wp\/v2\/users\/1"}],"replies":[{"embeddable":true,"href":"https:\/\/ccetunisia.com.tn\/en\/wp-json\/wp\/v2\/comments?post=1055"}],"version-history":[{"count":24,"href":"https:\/\/ccetunisia.com.tn\/en\/wp-json\/wp\/v2\/pages\/1055\/revisions"}],"predecessor-version":[{"id":1753,"href":"https:\/\/ccetunisia.com.tn\/en\/wp-json\/wp\/v2\/pages\/1055\/revisions\/1753"}],"wp:attachment":[{"href":"https:\/\/ccetunisia.com.tn\/en\/wp-json\/wp\/v2\/media?parent=1055"}],"curies":[{"name":"wp","href":"https:\/\/api.w.org\/{rel}","templated":true}]}}