{"id":1109,"date":"2022-07-05T13:55:49","date_gmt":"2022-07-05T11:55:49","guid":{"rendered":"https:\/\/ccetunisia.com.tn\/?page_id=1109"},"modified":"2022-07-06T12:41:43","modified_gmt":"2022-07-06T10:41:43","slug":"expertise-et-pathologie-des-constructions","status":"publish","type":"page","link":"https:\/\/ccetunisia.com.tn\/en\/expertise-et-pathologie-des-constructions\/","title":{"rendered":"Expertise and Pathology of constructions"},"content":{"rendered":"<div data-elementor-type=\"wp-page\" data-elementor-id=\"1109\" class=\"elementor elementor-1109\" data-elementor-post-type=\"page\">\n\t\t\t\t\t\t\t\t\t<section class=\"elementor-section elementor-top-section elementor-element elementor-element-f6116a2 elementor-section-boxed elementor-section-height-default elementor-section-height-default\" data-id=\"f6116a2\" data-element_type=\"section\">\n\t\t\t\t\t\t<div class=\"elementor-container elementor-column-gap-default\">\n\t\t\t\t\t<div class=\"elementor-column elementor-col-50 elementor-top-column elementor-element elementor-element-fb8d9dd\" data-id=\"fb8d9dd\" data-element_type=\"column\">\n\t\t\t<div class=\"elementor-widget-wrap elementor-element-populated\">\n\t\t\t\t\t\t\t\t<div class=\"elementor-element elementor-element-b53e1f8 elementor-widget elementor-widget-image\" data-id=\"b53e1f8\" data-element_type=\"widget\" data-widget_type=\"image.default\">\n\t\t\t\t<div class=\"elementor-widget-container\">\n\t\t\t\t\t\t\t\t\t\t\t\t\t\t\t<img loading=\"lazy\" decoding=\"async\" width=\"463\" height=\"563\" src=\"https:\/\/ccetunisia.com.tn\/wp-content\/uploads\/2022\/07\/pathologie-batiment-1560x878-1-463x563.jpeg\" class=\"attachment-industing-folio-s2-1 size-industing-folio-s2-1 wp-image-1289\" alt=\"\" \/>\t\t\t\t\t\t\t\t\t\t\t\t\t\t\t<\/div>\n\t\t\t\t<\/div>\n\t\t\t\t\t<\/div>\n\t\t<\/div>\n\t\t\t\t<div class=\"elementor-column elementor-col-50 elementor-top-column elementor-element elementor-element-1d352f0\" data-id=\"1d352f0\" data-element_type=\"column\">\n\t\t\t<div class=\"elementor-widget-wrap elementor-element-populated\">\n\t\t\t\t\t\t\t\t<div class=\"elementor-element elementor-element-4702d69 section_titles elementor-align-left elementor-widget elementor-widget-tw-section-title\" data-id=\"4702d69\" data-element_type=\"widget\" data-widget_type=\"tw-section-title.default\">\n\t\t\t\t<div class=\"elementor-widget-container\">\n\t\t\t                    <h6 class=\"sub_title\">L&#039;ing\u00e9nierie de construction par excellence<\/h6>\n                            <h2 class=\"sec_title\">\n                                    <span>Pathologie du b\u00e2timent<\/span>\n                            <\/h2>\n                \t\t<\/div>\n\t\t\t\t<\/div>\n\t\t\t\t<div class=\"elementor-element elementor-element-4e7c87e text_align elementor-align-left elementor-widget elementor-widget-xs-heading\" data-id=\"4e7c87e\" data-element_type=\"widget\" data-widget_type=\"xs-heading.default\">\n\t\t\t\t<div class=\"elementor-widget-container\">\n\t\t\t                <p class=\"ind_ps\">Any type of structure and building is likely to one day suffer attacks linked to the passage of time and climatic conditions, or even damage such as the appearance of cracks. Depending on the risks that may threaten your structure, carrying out a study and a precise diagnosis of building pathology is important in order to implement suitable solutions.\n\nTo do this, our company is at your service and puts all its experience and know-how at your disposal in order to carry out a complete building pathology diagnosis.<\/p>\r\n            \t\t<\/div>\n\t\t\t\t<\/div>\n\t\t\t\t<div class=\"elementor-element elementor-element-072e5c0 btn_align elementor-align-left elementor-widget elementor-widget-tw-button\" data-id=\"072e5c0\" data-element_type=\"widget\" data-widget_type=\"tw-button.default\">\n\t\t\t\t<div class=\"elementor-widget-container\">\n\t\t\t                    <a href=\"https:\/\/ccetunisia.com.tn\/en\/contact\/\"  target=\"_blank\"  rel=\"nofollow\" class=\"ind_btn\"><span>Contactez-nous<\/span><\/a>\n                \t\t<\/div>\n\t\t\t\t<\/div>\n\t\t\t\t\t<\/div>\n\t\t<\/div>\n\t\t\t\t\t\t\t<\/div>\n\t\t<\/section>\n\t\t\t\t\t\t\t<\/div>","protected":false},"excerpt":{"rendered":"<p>L&rsquo;ing\u00e9nierie de construction par excellence Pathologie du b\u00e2timent Tout type de structure et de b\u00e2timent est susceptible de subir un jour des agressions li\u00e9es au passage du temps et aux conditions climatiques, ou encore des d\u00e9gradations comme l\u2019apparition de fissures. En fonction des risques pouvant menacer votre structure, r\u00e9aliser une \u00e9tude et un diagnostic de [&hellip;]<\/p>","protected":false},"author":1,"featured_media":0,"parent":0,"menu_order":0,"comment_status":"closed","ping_status":"closed","template":"page-templates\/full-width.php","meta":{"footnotes":""},"_links":{"self":[{"href":"https:\/\/ccetunisia.com.tn\/en\/wp-json\/wp\/v2\/pages\/1109"}],"collection":[{"href":"https:\/\/ccetunisia.com.tn\/en\/wp-json\/wp\/v2\/pages"}],"about":[{"href":"https:\/\/ccetunisia.com.tn\/en\/wp-json\/wp\/v2\/types\/page"}],"author":[{"embeddable":true,"href":"https:\/\/ccetunisia.com.tn\/en\/wp-json\/wp\/v2\/users\/1"}],"replies":[{"embeddable":true,"href":"https:\/\/ccetunisia.com.tn\/en\/wp-json\/wp\/v2\/comments?post=1109"}],"version-history":[{"count":11,"href":"https:\/\/ccetunisia.com.tn\/en\/wp-json\/wp\/v2\/pages\/1109\/revisions"}],"predecessor-version":[{"id":1299,"href":"https:\/\/ccetunisia.com.tn\/en\/wp-json\/wp\/v2\/pages\/1109\/revisions\/1299"}],"wp:attachment":[{"href":"https:\/\/ccetunisia.com.tn\/en\/wp-json\/wp\/v2\/media?parent=1109"}],"curies":[{"name":"wp","href":"https:\/\/api.w.org\/{rel}","templated":true}]}}