{"id":1266,"date":"2022-07-06T11:50:20","date_gmt":"2022-07-06T09:50:20","guid":{"rendered":"https:\/\/ccetunisia.com.tn\/?page_id=1266"},"modified":"2022-07-06T13:13:37","modified_gmt":"2022-07-06T11:13:37","slug":"les-missions-bim","status":"publish","type":"page","link":"https:\/\/ccetunisia.com.tn\/en\/les-missions-bim\/","title":{"rendered":"bim missions"},"content":{"rendered":"<div data-elementor-type=\"wp-page\" data-elementor-id=\"1266\" class=\"elementor elementor-1266\" data-elementor-post-type=\"page\">\n\t\t\t\t\t\t\t\t\t<section class=\"elementor-section elementor-top-section elementor-element elementor-element-f6116a2 elementor-section-boxed elementor-section-height-default elementor-section-height-default\" data-id=\"f6116a2\" data-element_type=\"section\">\n\t\t\t\t\t\t<div class=\"elementor-container elementor-column-gap-default\">\n\t\t\t\t\t<div class=\"elementor-column elementor-col-50 elementor-top-column elementor-element elementor-element-fb8d9dd\" data-id=\"fb8d9dd\" data-element_type=\"column\">\n\t\t\t<div class=\"elementor-widget-wrap elementor-element-populated\">\n\t\t\t\t\t\t\t\t<div class=\"elementor-element elementor-element-9299ae3 elementor-widget elementor-widget-image\" data-id=\"9299ae3\" data-element_type=\"widget\" data-widget_type=\"image.default\">\n\t\t\t\t<div class=\"elementor-widget-container\">\n\t\t\t\t\t\t\t\t\t\t\t\t\t\t\t<img loading=\"lazy\" decoding=\"async\" width=\"1000\" height=\"577\" src=\"https:\/\/ccetunisia.com.tn\/wp-content\/uploads\/2022\/07\/BIM.jpeg\" class=\"attachment-large size-large wp-image-999\" alt=\"\" srcset=\"https:\/\/ccetunisia.com.tn\/wp-content\/uploads\/2022\/07\/BIM.jpeg 1000w, https:\/\/ccetunisia.com.tn\/wp-content\/uploads\/2022\/07\/BIM-300x173.jpeg 300w, https:\/\/ccetunisia.com.tn\/wp-content\/uploads\/2022\/07\/BIM-768x443.jpeg 768w\" sizes=\"(max-width: 1000px) 100vw, 1000px\" \/>\t\t\t\t\t\t\t\t\t\t\t\t\t\t\t<\/div>\n\t\t\t\t<\/div>\n\t\t\t\t\t<\/div>\n\t\t<\/div>\n\t\t\t\t<div class=\"elementor-column elementor-col-50 elementor-top-column elementor-element elementor-element-1d352f0\" data-id=\"1d352f0\" data-element_type=\"column\">\n\t\t\t<div class=\"elementor-widget-wrap elementor-element-populated\">\n\t\t\t\t\t\t\t\t<div class=\"elementor-element elementor-element-4702d69 section_titles elementor-align-left elementor-widget elementor-widget-tw-section-title\" data-id=\"4702d69\" data-element_type=\"widget\" data-widget_type=\"tw-section-title.default\">\n\t\t\t\t<div class=\"elementor-widget-container\">\n\t\t\t                    <h6 class=\"sub_title\">BIM MANAGEMENT MISSION<\/h6>\n                            <h2 class=\"sec_title\">\n                                    <span>bim missions<\/span>\n                            <\/h2>\n                \t\t<\/div>\n\t\t\t\t<\/div>\n\t\t\t\t<div class=\"elementor-element elementor-element-4e7c87e text_align elementor-align-left elementor-widget elementor-widget-xs-heading\" data-id=\"4e7c87e\" data-element_type=\"widget\" data-widget_type=\"xs-heading.default\">\n\t\t\t\t<div class=\"elementor-widget-container\">\n\t\t\t                <p class=\"ind_ps\">The mission of BIM Management, or building information management, consists of the construction and management of BIM processes useful for modeling a digital model, according to the data required by the project owner and the objectives of the project stakeholders, team of project management or construction companies.\nCCE helps you fulfill your contractual obligations in terms of producing data in your digital models.<\/p>\r\n            \t\t<\/div>\n\t\t\t\t<\/div>\n\t\t\t\t<div class=\"elementor-element elementor-element-072e5c0 btn_align elementor-align-left elementor-widget elementor-widget-tw-button\" data-id=\"072e5c0\" data-element_type=\"widget\" data-widget_type=\"tw-button.default\">\n\t\t\t\t<div class=\"elementor-widget-container\">\n\t\t\t                    <a href=\"https:\/\/ccetunisia.com.tn\/en\/contact\/\"  target=\"_blank\"  rel=\"nofollow\" class=\"ind_btn\"><span>CONTACT US<\/span><\/a>\n                \t\t<\/div>\n\t\t\t\t<\/div>\n\t\t\t\t\t<\/div>\n\t\t<\/div>\n\t\t\t\t\t\t\t<\/div>\n\t\t<\/section>\n\t\t\t\t\t\t\t<\/div>","protected":false},"excerpt":{"rendered":"<p>MISSION DE BIM MANAGEMENT Les missions bim La mission de BIM Management, ou building information management, consiste en la construction et la gestion des processus BIM utiles \u00e0 la mod\u00e9lisation d&rsquo;une maquette num\u00e9rique, selon les donn\u00e9es requises par le ma\u00eetre d&rsquo;ouvrage et objectifs des acteurs du projet, \u00e9quipe de ma\u00eetrise d&rsquo;\u0153uvre ou entreprises du b\u00e2timent. [&hellip;]<\/p>","protected":false},"author":1,"featured_media":0,"parent":0,"menu_order":0,"comment_status":"closed","ping_status":"closed","template":"page-templates\/full-width.php","meta":{"footnotes":""},"_links":{"self":[{"href":"https:\/\/ccetunisia.com.tn\/en\/wp-json\/wp\/v2\/pages\/1266"}],"collection":[{"href":"https:\/\/ccetunisia.com.tn\/en\/wp-json\/wp\/v2\/pages"}],"about":[{"href":"https:\/\/ccetunisia.com.tn\/en\/wp-json\/wp\/v2\/types\/page"}],"author":[{"embeddable":true,"href":"https:\/\/ccetunisia.com.tn\/en\/wp-json\/wp\/v2\/users\/1"}],"replies":[{"embeddable":true,"href":"https:\/\/ccetunisia.com.tn\/en\/wp-json\/wp\/v2\/comments?post=1266"}],"version-history":[{"count":5,"href":"https:\/\/ccetunisia.com.tn\/en\/wp-json\/wp\/v2\/pages\/1266\/revisions"}],"predecessor-version":[{"id":1340,"href":"https:\/\/ccetunisia.com.tn\/en\/wp-json\/wp\/v2\/pages\/1266\/revisions\/1340"}],"wp:attachment":[{"href":"https:\/\/ccetunisia.com.tn\/en\/wp-json\/wp\/v2\/media?parent=1266"}],"curies":[{"name":"wp","href":"https:\/\/api.w.org\/{rel}","templated":true}]}}